{"id":342,"date":"2018-12-28T13:07:34","date_gmt":"2018-12-28T11:07:34","guid":{"rendered":"https:\/\/veebidoktor.ee\/valesokkeli\/?page_id=342"},"modified":"2019-02-12T13:32:08","modified_gmt":"2019-02-12T11:32:08","slug":"hur-fungerar-det","status":"publish","type":"page","link":"https:\/\/valesokkeli.fi\/sv\/hur-fungerar-det\/","title":{"rendered":"Hur fungerar det?"},"content":{"rendered":"<div id=\"pl-342\"  class=\"panel-layout\" ><div id=\"pg-342-0\"  class=\"panel-grid panel-no-style\" ><div id=\"pgc-342-0-0\"  class=\"panel-grid-cell\" ><div id=\"panel-342-0-0-0\" class=\"so-panel widget widget_siteorigin-panels-builder panel-first-child panel-last-child\" data-index=\"0\" ><div class=\"how-it-works-content-wrapper panel-widget-style panel-widget-style-for-342-0-0-0\" ><div id=\"pl-w5c61478b5cdcc\"  class=\"panel-layout\" ><div id=\"pg-w5c61478b5cdcc-0\"  class=\"panel-grid panel-no-style\" ><div id=\"pgc-w5c61478b5cdcc-0-0\"  class=\"panel-grid-cell\" ><div class=\"how-it-works-panel-wrapper panel-cell-style panel-cell-style-for-w5c61478b5cdcc-0-0\" ><div id=\"panel-w5c61478b5cdcc-0-0-0\" class=\"so-panel widget widget_sow-image panel-first-child\" data-index=\"0\" ><div\n\t\t\t\n\t\t\tclass=\"so-widget-sow-image so-widget-sow-image-default-8b5b6f678277\"\n\t\t\t\n\t\t>\n<div class=\"sow-image-container\">\n\t\t<img \n\tsrc=\"https:\/\/valesokkeli.fi\/wp-content\/uploads\/2018\/12\/valekuva_1506590118.jpg\" width=\"640\" height=\"427\" srcset=\"https:\/\/valesokkeli.fi\/wp-content\/uploads\/2018\/12\/valekuva_1506590118.jpg 640w, https:\/\/valesokkeli.fi\/wp-content\/uploads\/2018\/12\/valekuva_1506590118-300x200.jpg 300w, https:\/\/valesokkeli.fi\/wp-content\/uploads\/2018\/12\/valekuva_1506590118-272x182.jpg 272w\" sizes=\"(max-width: 640px) 100vw, 640px\" alt=\"\" \t\tclass=\"so-widget-image\"\/>\n\t<\/div>\n\n<\/div><\/div><div id=\"panel-w5c61478b5cdcc-0-0-1\" class=\"widget_text so-panel widget widget_custom_html panel-last-child\" data-index=\"1\" ><div class=\"textwidget custom-html-widget\"><h4 class=\"how-it-works-title\">\n\tV\u00e4ggen i badrummet har rivits ned till bara stommen och vindskyddsskivorna i d\u00e5ligt skick har avl\u00e4gsnats.\n<\/h4><\/div><\/div><\/div><\/div><div id=\"pgc-w5c61478b5cdcc-0-1\"  class=\"panel-grid-cell\" ><div class=\"how-it-works-panel-wrapper panel-cell-style panel-cell-style-for-w5c61478b5cdcc-0-1\" ><div id=\"panel-w5c61478b5cdcc-0-1-0\" class=\"so-panel widget widget_sow-image panel-first-child panel-last-child\" data-index=\"2\" ><div\n\t\t\t\n\t\t\tclass=\"so-widget-sow-image so-widget-sow-image-default-8b5b6f678277\"\n\t\t\t\n\t\t>\n<div class=\"sow-image-container\">\n\t\t<img \n\tsrc=\"https:\/\/valesokkeli.fi\/wp-content\/uploads\/2018\/12\/valekuva1_1506590126.jpg\" width=\"640\" height=\"427\" srcset=\"https:\/\/valesokkeli.fi\/wp-content\/uploads\/2018\/12\/valekuva1_1506590126.jpg 640w, https:\/\/valesokkeli.fi\/wp-content\/uploads\/2018\/12\/valekuva1_1506590126-300x200.jpg 300w, https:\/\/valesokkeli.fi\/wp-content\/uploads\/2018\/12\/valekuva1_1506590126-272x182.jpg 272w\" sizes=\"(max-width: 640px) 100vw, 640px\" alt=\"\" \t\tclass=\"so-widget-image\"\/>\n\t<\/div>\n\n<\/div><\/div><\/div><\/div><div id=\"pgc-w5c61478b5cdcc-0-2\"  class=\"panel-grid-cell\" ><div class=\"how-it-works-panel-wrapper panel-cell-style panel-cell-style-for-w5c61478b5cdcc-0-2\" ><div id=\"panel-w5c61478b5cdcc-0-2-0\" class=\"so-panel widget widget_sow-image panel-first-child panel-last-child\" data-index=\"3\" ><div\n\t\t\t\n\t\t\tclass=\"so-widget-sow-image so-widget-sow-image-default-8b5b6f678277\"\n\t\t\t\n\t\t>\n<div class=\"sow-image-container\">\n\t\t<img \n\tsrc=\"https:\/\/valesokkeli.fi\/wp-content\/uploads\/2018\/12\/valekuva2_1506590227.jpg\" width=\"640\" height=\"427\" srcset=\"https:\/\/valesokkeli.fi\/wp-content\/uploads\/2018\/12\/valekuva2_1506590227.jpg 640w, https:\/\/valesokkeli.fi\/wp-content\/uploads\/2018\/12\/valekuva2_1506590227-300x200.jpg 300w, https:\/\/valesokkeli.fi\/wp-content\/uploads\/2018\/12\/valekuva2_1506590227-272x182.jpg 272w\" sizes=\"(max-width: 640px) 100vw, 640px\" alt=\"\" \t\tclass=\"so-widget-image\"\/>\n\t<\/div>\n\n<\/div><\/div><\/div><\/div><\/div><div id=\"pg-w5c61478b5cdcc-1\"  class=\"panel-grid panel-no-style\" ><div id=\"pgc-w5c61478b5cdcc-1-0\"  class=\"panel-grid-cell\" ><div class=\"how-it-works-panel-wrapper panel-cell-style panel-cell-style-for-w5c61478b5cdcc-1-0\" ><div id=\"panel-w5c61478b5cdcc-1-0-0\" class=\"so-panel widget widget_sow-image panel-first-child\" data-index=\"4\" ><div\n\t\t\t\n\t\t\tclass=\"so-widget-sow-image so-widget-sow-image-default-8b5b6f678277\"\n\t\t\t\n\t\t>\n<div class=\"sow-image-container\">\n\t\t<img \n\tsrc=\"https:\/\/valesokkeli.fi\/wp-content\/uploads\/2018\/12\/valekuva3_1506590234.jpg\" width=\"640\" height=\"427\" srcset=\"https:\/\/valesokkeli.fi\/wp-content\/uploads\/2018\/12\/valekuva3_1506590234.jpg 640w, https:\/\/valesokkeli.fi\/wp-content\/uploads\/2018\/12\/valekuva3_1506590234-300x200.jpg 300w, https:\/\/valesokkeli.fi\/wp-content\/uploads\/2018\/12\/valekuva3_1506590234-272x182.jpg 272w\" sizes=\"(max-width: 640px) 100vw, 640px\" alt=\"\" \t\tclass=\"so-widget-image\"\/>\n\t<\/div>\n\n<\/div><\/div><div id=\"panel-w5c61478b5cdcc-1-0-1\" class=\"widget_text so-panel widget widget_custom_html panel-last-child\" data-index=\"5\" ><div class=\"textwidget custom-html-widget\"><h4 class=\"how-it-works-title\">\n\tSyllen har avl\u00e4gsnats, blindsockelskon har monterats, gropen putsats och desinfekterats.\n<\/h4><\/div><\/div><\/div><\/div><div id=\"pgc-w5c61478b5cdcc-1-1\"  class=\"panel-grid-cell\" ><div class=\"how-it-works-panel-wrapper panel-cell-style panel-cell-style-for-w5c61478b5cdcc-1-1\" ><div id=\"panel-w5c61478b5cdcc-1-1-0\" class=\"so-panel widget widget_sow-image panel-first-child panel-last-child\" data-index=\"6\" ><div\n\t\t\t\n\t\t\tclass=\"so-widget-sow-image so-widget-sow-image-default-8b5b6f678277\"\n\t\t\t\n\t\t>\n<div class=\"sow-image-container\">\n\t\t<img \n\tsrc=\"https:\/\/valesokkeli.fi\/wp-content\/uploads\/2018\/12\/valekuva4_1506590243.jpg\" width=\"640\" height=\"427\" srcset=\"https:\/\/valesokkeli.fi\/wp-content\/uploads\/2018\/12\/valekuva4_1506590243.jpg 640w, https:\/\/valesokkeli.fi\/wp-content\/uploads\/2018\/12\/valekuva4_1506590243-300x200.jpg 300w, https:\/\/valesokkeli.fi\/wp-content\/uploads\/2018\/12\/valekuva4_1506590243-272x182.jpg 272w\" sizes=\"(max-width: 640px) 100vw, 640px\" alt=\"\" \t\tclass=\"so-widget-image\"\/>\n\t<\/div>\n\n<\/div><\/div><\/div><\/div><div id=\"pgc-w5c61478b5cdcc-1-2\"  class=\"panel-grid-cell\" ><div class=\"how-it-works-panel-wrapper panel-cell-style panel-cell-style-for-w5c61478b5cdcc-1-2\" ><div id=\"panel-w5c61478b5cdcc-1-2-0\" class=\"so-panel widget widget_sow-image panel-first-child panel-last-child\" data-index=\"7\" ><div\n\t\t\t\n\t\t\tclass=\"so-widget-sow-image so-widget-sow-image-default-8b5b6f678277\"\n\t\t\t\n\t\t>\n<div class=\"sow-image-container\">\n\t\t<img \n\tsrc=\"https:\/\/valesokkeli.fi\/wp-content\/uploads\/2018\/12\/valekuva5_1506590250.jpg\" width=\"640\" height=\"427\" srcset=\"https:\/\/valesokkeli.fi\/wp-content\/uploads\/2018\/12\/valekuva5_1506590250.jpg 640w, https:\/\/valesokkeli.fi\/wp-content\/uploads\/2018\/12\/valekuva5_1506590250-300x200.jpg 300w, https:\/\/valesokkeli.fi\/wp-content\/uploads\/2018\/12\/valekuva5_1506590250-272x182.jpg 272w\" sizes=\"(max-width: 640px) 100vw, 640px\" alt=\"\" \t\tclass=\"so-widget-image\"\/>\n\t<\/div>\n\n<\/div><\/div><\/div><\/div><\/div><div id=\"pg-w5c61478b5cdcc-2\"  class=\"panel-grid panel-no-style\" ><div id=\"pgc-w5c61478b5cdcc-2-0\"  class=\"panel-grid-cell\" ><div class=\"how-it-works-panel-wrapper panel-cell-style panel-cell-style-for-w5c61478b5cdcc-2-0\" ><div id=\"panel-w5c61478b5cdcc-2-0-0\" class=\"so-panel widget widget_sow-image panel-first-child panel-last-child\" data-index=\"8\" ><div\n\t\t\t\n\t\t\tclass=\"so-widget-sow-image so-widget-sow-image-default-8b5b6f678277\"\n\t\t\t\n\t\t>\n<div class=\"sow-image-container\">\n\t\t<img \n\tsrc=\"https:\/\/valesokkeli.fi\/wp-content\/uploads\/2018\/12\/valekuva7_1506590260.jpg\" width=\"640\" height=\"427\" srcset=\"https:\/\/valesokkeli.fi\/wp-content\/uploads\/2018\/12\/valekuva7_1506590260.jpg 640w, https:\/\/valesokkeli.fi\/wp-content\/uploads\/2018\/12\/valekuva7_1506590260-300x200.jpg 300w, https:\/\/valesokkeli.fi\/wp-content\/uploads\/2018\/12\/valekuva7_1506590260-272x182.jpg 272w\" sizes=\"(max-width: 640px) 100vw, 640px\" alt=\"\" \t\tclass=\"so-widget-image\"\/>\n\t<\/div>\n\n<\/div><\/div><\/div><\/div><div id=\"pgc-w5c61478b5cdcc-2-1\"  class=\"panel-grid-cell panel-grid-cell-empty panel-grid-cell-mobile-last\" ><div class=\"how-it-works-panel-wrapper panel-cell-style panel-cell-style-for-w5c61478b5cdcc-2-1\" ><\/div><\/div><div id=\"pgc-w5c61478b5cdcc-2-2\"  class=\"panel-grid-cell panel-grid-cell-empty\" ><div class=\"how-it-works-panel-wrapper panel-cell-style panel-cell-style-for-w5c61478b5cdcc-2-2\" ><\/div><\/div><\/div><\/div><\/div><\/div><\/div><\/div><\/div>","protected":false},"excerpt":{"rendered":"<p>V\u00e4ggen i badrummet har rivits ned till bara stommen och vindskyddsskivorna i d\u00e5ligt skick har avl\u00e4gsnats. Syllen har avl\u00e4gsnats, blindsockelskon har monterats, gropen putsats och desinfekterats.<\/p>\n","protected":false},"author":1,"featured_media":0,"parent":0,"menu_order":0,"comment_status":"closed","ping_status":"closed","template":"","meta":{"footnotes":""},"class_list":["post-342","page","type-page","status-publish","hentry"],"_links":{"self":[{"href":"https:\/\/valesokkeli.fi\/sv\/wp-json\/wp\/v2\/pages\/342\/"}],"collection":[{"href":"https:\/\/valesokkeli.fi\/sv\/wp-json\/wp\/v2\/pages\/"}],"about":[{"href":"https:\/\/valesokkeli.fi\/sv\/wp-json\/wp\/v2\/types\/page\/"}],"author":[{"embeddable":true,"href":"https:\/\/valesokkeli.fi\/sv\/wp-json\/wp\/v2\/users\/1\/"}],"replies":[{"embeddable":true,"href":"https:\/\/valesokkeli.fi\/sv\/wp-json\/wp\/v2\/comments\/?post=342"}],"version-history":[{"count":5,"href":"https:\/\/valesokkeli.fi\/sv\/wp-json\/wp\/v2\/pages\/342\/revisions\/"}],"predecessor-version":[{"id":546,"href":"https:\/\/valesokkeli.fi\/sv\/wp-json\/wp\/v2\/pages\/342\/revisions\/546\/"}],"wp:attachment":[{"href":"https:\/\/valesokkeli.fi\/sv\/wp-json\/wp\/v2\/media\/?parent=342"}],"curies":[{"name":"wp","href":"https:\/\/api.w.org\/{rel}","templated":true}]}}